{"id":696,"date":"2023-06-14T18:24:56","date_gmt":"2023-06-14T16:24:56","guid":{"rendered":"https:\/\/www.phdata.fr\/perso\/?page_id=696"},"modified":"2025-06-29T10:35:55","modified_gmt":"2025-06-29T08:35:55","slug":"videos","status":"publish","type":"page","link":"https:\/\/www.phdata.fr\/perso\/videos\/","title":{"rendered":"Les vid\u00e9os"},"content":{"rendered":"<h2>Les montages Vid\u00e9o<\/h2>\n<p>Une pr\u00e9sentation de diff\u00e9rents moments de notre famille<\/p>\n<style>\/*! elementor - v3.14.0 - 26-06-2023 *\/\n.elementor-widget-image{text-align:center}.elementor-widget-image a{display:inline-block}.elementor-widget-image a img[src$=\".svg\"]{width:48px}.elementor-widget-image img{vertical-align:middle;display:inline-block}<\/style>\n<p>\t\t\t\t\t\t\t\t\t\t\t\t<img loading=\"lazy\" decoding=\"async\" width=\"940\" height=\"198\" src=\"https:\/\/www.phdata.fr\/perso\/wp-content\/uploads\/2023\/06\/Anna.jpg\" alt=\"\" loading=\"lazy\" \/>\t\t\t\t\t\t\t\t\t\t\t\t\t\t\t<\/p>\n<style>\/*! elementor - v3.14.0 - 26-06-2023 *\/\n.elementor-heading-title{padding:0;margin:0;line-height:1}.elementor-widget-heading .elementor-heading-title[class*=elementor-size-]>a{color:inherit;font-size:inherit;line-height:inherit}.elementor-widget-heading .elementor-heading-title.elementor-size-small{font-size:15px}.elementor-widget-heading .elementor-heading-title.elementor-size-medium{font-size:19px}.elementor-widget-heading .elementor-heading-title.elementor-size-large{font-size:29px}.elementor-widget-heading .elementor-heading-title.elementor-size-xl{font-size:39px}.elementor-widget-heading .elementor-heading-title.elementor-size-xxl{font-size:59px}<\/style>\n<h2><a href=\"https:\/\/www.phdata.fr\/perso\/safari-peaugres\/\">La flore tha\u00eflande<\/a><\/h2>\n<p>\t\t\t\t\t\t<a href=\"https:\/\/youtu.be\/d15EC_lIm5c\" target=\"_blank\" rel=\"noopener\"><br \/>\n\t\t\t\t<img loading=\"lazy\" width=\"1760\" height=\"990\" src=\"https:\/\/www.phdata.fr\/perso\/wp-content\/uploads\/2023\/07\/pour-vignette-flore-thailande.jpg\" alt=\"\" decoding=\"async\" loading=\"lazy\" \/>\t\t\t\t<\/p>\n<h2><\/h2>\n<p>Vid\u00e9o Youtube<\/p>\n<p>\t\t\t\t\t<\/a><\/p>\n<pre style=\"text-align: center;\">Novembre 2010<br \/>Tha\u00eflande<\/pre>\n<h2><a href=\"https:\/\/www.phdata.fr\/perso\/une-belle-journee\/\">Une belle journ\u00e9e<\/a><\/h2>\n<p>\t\t\t\t\t\t<a href=\"https:\/\/youtu.be\/7VNPottT-lw\" target=\"_blank\" rel=\"noopener\"><br \/>\n\t\t\t\t<img loading=\"lazy\" width=\"1760\" height=\"990\" src=\"https:\/\/www.phdata.fr\/perso\/wp-content\/uploads\/2023\/06\/lolo-anna.jpg\" alt=\"\" decoding=\"async\" loading=\"lazy\" \/>\t\t\t\t<\/p>\n<h2><\/h2>\n<p>Vid\u00e9o Youtube<\/p>\n<p>\t\t\t\t\t<\/a><\/p>\n<pre style=\"text-align: center;\">le 15 mai 2021<br \/>Domaine d'\u00d4 Montpellier<\/pre>\n<h2><a href=\"https:\/\/www.phdata.fr\/perso\/un-apres-midi-au-theatre-do\/\">Au th\u00e9\u00e2tre d&#8217;\u00f4<\/a><\/h2>\n<p>\t\t\t\t\t\t<a href=\"https:\/\/youtu.be\/iJ2bKXmgBTk\" target=\"_blank\" rel=\"noopener\"><br \/>\n\t\t\t\t<img loading=\"lazy\" width=\"1760\" height=\"990\" src=\"https:\/\/www.phdata.fr\/perso\/wp-content\/uploads\/2023\/06\/anna-2.jpg\" alt=\"\" decoding=\"async\" loading=\"lazy\" \/>\t\t\t\t<\/p>\n<h2><\/h2>\n<p>Vid\u00e9o Youtube<\/p>\n<p>\t\t\t\t\t<\/a><\/p>\n<pre style=\"text-align: center;\">le 15 mai 2021<br \/>Domaine d'\u00d4 Montpellier<\/pre>\n<h2><a href=\"https:\/\/www.phdata.fr\/perso\/anna-loan-au-zoo-a-montpellier\/\">Au zoo <\/a><\/h2>\n<p>\t\t\t\t\t\t<a href=\"https:\/\/youtu.be\/iJ2bKXmgBTk\" target=\"_blank\" rel=\"noopener\"><br \/>\n\t\t\t\t<img loading=\"lazy\" width=\"1760\" height=\"990\" src=\"https:\/\/www.phdata.fr\/perso\/wp-content\/uploads\/2023\/06\/zoo.jpg\" alt=\"\" decoding=\"async\" loading=\"lazy\" \/>\t\t\t\t<\/p>\n<h2><\/h2>\n<p>Vid\u00e9o Youtube<\/p>\n<p>\t\t\t\t\t<\/a><\/p>\n<pre style=\"text-align: center;\">le 4 juin 2021<br \/>Montpellier Lunaret<\/pre>\n<h2><a href=\"https:\/\/www.phdata.fr\/perso\/loan-le-berger\/\">Le Berger<\/a><\/h2>\n<p>\t\t\t\t\t\t<a href=\"https:\/\/youtu.be\/n8Y88ebTxtM\" target=\"_blank\" rel=\"noopener\"><br \/>\n\t\t\t\t<img loading=\"lazy\" width=\"1760\" height=\"990\" src=\"https:\/\/www.phdata.fr\/perso\/wp-content\/uploads\/2023\/06\/loan-mouton.jpg\" alt=\"\" decoding=\"async\" loading=\"lazy\" \/>\t\t\t\t<\/p>\n<h2><\/h2>\n<p>Vid\u00e9o Youtube<\/p>\n<p>\t\t\t\t\t<\/a><\/p>\n<pre style=\"text-align: center;\">le 26 d\u00e9cembre 2021<br \/>Alentour de Grans<\/pre>\n<h2><a href=\"https:\/\/www.phdata.fr\/perso\/safari-peaugres\/\">Safari Peaugres<\/a><\/h2>\n<p>\t\t\t\t\t\t<a href=\"https:\/\/youtu.be\/5lXZooDjKt4\" target=\"_blank\" rel=\"noopener\"><br \/>\n\t\t\t\t<img loading=\"lazy\" width=\"1760\" height=\"990\" src=\"https:\/\/www.phdata.fr\/perso\/wp-content\/uploads\/2023\/06\/safari-peaugres1.webp\" alt=\"\" decoding=\"async\" loading=\"lazy\" \/>\t\t\t\t<\/p>\n<h2><\/h2>\n<p>Vid\u00e9o Youtube<\/p>\n<p>\t\t\t\t\t<\/a><\/p>\n<pre style=\"text-align: center;\">le 26 ao\u00fbt 2022<br \/>Peaugres<\/pre>\n<h2><a href=\"https:\/\/www.phdata.fr\/perso\/la-ferme-tiallou\/\">La ferme Tiallou<\/a><\/h2>\n<p>\t\t\t\t\t\t<a href=\"https:\/\/youtu.be\/gRy4mqe6H3c\" target=\"_blank\" rel=\"noopener\"><br \/>\n\t\t\t\t<img loading=\"lazy\" width=\"1760\" height=\"990\" src=\"https:\/\/www.phdata.fr\/perso\/wp-content\/uploads\/2023\/07\/Hubert-Anna-Loan.webp\" alt=\"\" decoding=\"async\" loading=\"lazy\" \/>\t\t\t\t<\/p>\n<h2><\/h2>\n<p>Vid\u00e9o Youtube<\/p>\n<p>\t\t\t\t\t<\/a><\/p>\n<pre style=\"text-align: center;\">le 26 ao\u00fbt 2022<br \/>Peaugres<\/pre>\n<h2><a href=\"https:\/\/www.phdata.fr\/perso\/istres-8-juillet-2023\/\">Les Chevaux<\/a><\/h2>\n<p>\t\t\t\t\t\t<a href=\"https:\/\/youtu.be\/hAGy_EDacg4\" target=\"_blank\" rel=\"noopener\"><br \/>\n\t\t\t\t<img loading=\"lazy\" width=\"1760\" height=\"990\" src=\"https:\/\/www.phdata.fr\/perso\/wp-content\/uploads\/2023\/07\/Istres-chevaux-1.jpg\" alt=\"\" decoding=\"async\" loading=\"lazy\" \/>\t\t\t\t<\/p>\n<h2><\/h2>\n<p>Vid\u00e9o Youtube<\/p>\n<p>\t\t\t\t\t<\/a><\/p>\n<pre style=\"text-align: center;\">le 8 juillet 2023<br \/>Istres<\/pre>\n<h2><a href=\"https:\/\/www.phdata.fr\/perso\/couches-de-soleil\/\">Couch\u00e9 de soleil<\/a><\/h2>\n<p>\t\t\t\t\t\t<a href=\"https:\/\/youtu.be\/m122dS2o7RU\" target=\"_blank\" rel=\"noopener\"><br \/>\n\t\t\t\t<img loading=\"lazy\" width=\"759\" height=\"429\" src=\"https:\/\/www.phdata.fr\/perso\/wp-content\/uploads\/2023\/07\/couche-de-soleil.jpg\" alt=\"\" decoding=\"async\" loading=\"lazy\" \/>\t\t\t\t<\/p>\n<h2><\/h2>\n<p>Vid\u00e9o Youtube<\/p>\n<p>\t\t\t\t\t<\/a><\/p>\n<pre style=\"text-align: center;\">le 9 juillet 2023<br \/>Istres<\/pre>\n","protected":false},"excerpt":{"rendered":"<p>Les montages Vid\u00e9o Une pr\u00e9sentation de diff\u00e9rents moments de notre famille La flore tha\u00eflande Vid\u00e9o Youtube Novembre 2010Tha\u00eflande Une belle journ\u00e9e Vid\u00e9o Youtube le 15 mai 2021Domaine d&#8217;\u00d4 Montpellier Au th\u00e9\u00e2tre d&#8217;\u00f4 Vid\u00e9o Youtube le 15 mai 2021Domaine d&#8217;\u00d4 Montpellier Au zoo Vid\u00e9o Youtube le 4 juin 2021Montpellier Lunaret Le Berger Vid\u00e9o Youtube le 26 d\u00e9cembre 2021Alentour de Grans Safari Peaugres Vid\u00e9o Youtube le 26 ao\u00fbt 2022Peaugres La ferme Tiallou Vid\u00e9o Youtube le 26 ao\u00fbt 2022Peaugres Les Chevaux Vid\u00e9o Youtube le 8 juillet 2023Istres Couch\u00e9 de soleil Vid\u00e9o Youtube le 9 juillet 2023Istres<\/p>\n","protected":false},"author":1,"featured_media":0,"parent":0,"menu_order":0,"comment_status":"closed","ping_status":"closed","template":"","meta":{"_eb_attr":"","site-sidebar-layout":"default","site-content-layout":"","ast-site-content-layout":"default","site-content-style":"default","site-sidebar-style":"default","ast-global-header-display":"","ast-banner-title-visibility":"","ast-main-header-display":"","ast-hfb-above-header-display":"","ast-hfb-below-header-display":"","ast-hfb-mobile-header-display":"","site-post-title":"","ast-breadcrumbs-content":"","ast-featured-img":"","footer-sml-layout":"","theme-transparent-header-meta":"","adv-header-id-meta":"","stick-header-meta":"","header-above-stick-meta":"","header-main-stick-meta":"","header-below-stick-meta":"","astra-migrate-meta-layouts":"default","ast-page-background-enabled":"default","ast-page-background-meta":{"desktop":{"background-color":"var(--ast-global-color-4)","background-image":"","background-repeat":"repeat","background-position":"center center","background-size":"auto","background-attachment":"scroll","background-type":"","background-media":"","overlay-type":"","overlay-color":"","overlay-opacity":"","overlay-gradient":""},"tablet":{"background-color":"","background-image":"","background-repeat":"repeat","background-position":"center center","background-size":"auto","background-attachment":"scroll","background-type":"","background-media":"","overlay-type":"","overlay-color":"","overlay-opacity":"","overlay-gradient":""},"mobile":{"background-color":"","background-image":"","background-repeat":"repeat","background-position":"center center","background-size":"auto","background-attachment":"scroll","background-type":"","background-media":"","overlay-type":"","overlay-color":"","overlay-opacity":"","overlay-gradient":""}},"ast-content-background-meta":{"desktop":{"background-color":"var(--ast-global-color-5)","background-image":"","background-repeat":"repeat","background-position":"center center","background-size":"auto","background-attachment":"scroll","background-type":"","background-media":"","overlay-type":"","overlay-color":"","overlay-opacity":"","overlay-gradient":""},"tablet":{"background-color":"var(--ast-global-color-5)","background-image":"","background-repeat":"repeat","background-position":"center center","background-size":"auto","background-attachment":"scroll","background-type":"","background-media":"","overlay-type":"","overlay-color":"","overlay-opacity":"","overlay-gradient":""},"mobile":{"background-color":"var(--ast-global-color-5)","background-image":"","background-repeat":"repeat","background-position":"center center","background-size":"auto","background-attachment":"scroll","background-type":"","background-media":"","overlay-type":"","overlay-color":"","overlay-opacity":"","overlay-gradient":""}},"footnotes":""},"class_list":["post-696","page","type-page","status-publish","hentry"],"_links":{"self":[{"href":"https:\/\/www.phdata.fr\/perso\/wp-json\/wp\/v2\/pages\/696","targetHints":{"allow":["GET"]}}],"collection":[{"href":"https:\/\/www.phdata.fr\/perso\/wp-json\/wp\/v2\/pages"}],"about":[{"href":"https:\/\/www.phdata.fr\/perso\/wp-json\/wp\/v2\/types\/page"}],"author":[{"embeddable":true,"href":"https:\/\/www.phdata.fr\/perso\/wp-json\/wp\/v2\/users\/1"}],"replies":[{"embeddable":true,"href":"https:\/\/www.phdata.fr\/perso\/wp-json\/wp\/v2\/comments?post=696"}],"version-history":[{"count":223,"href":"https:\/\/www.phdata.fr\/perso\/wp-json\/wp\/v2\/pages\/696\/revisions"}],"predecessor-version":[{"id":3664,"href":"https:\/\/www.phdata.fr\/perso\/wp-json\/wp\/v2\/pages\/696\/revisions\/3664"}],"wp:attachment":[{"href":"https:\/\/www.phdata.fr\/perso\/wp-json\/wp\/v2\/media?parent=696"}],"curies":[{"name":"wp","href":"https:\/\/api.w.org\/{rel}","templated":true}]}}