{"id":1902,"date":"2023-07-01T11:27:38","date_gmt":"2023-07-01T09:27:38","guid":{"rendered":"https:\/\/www.phdata.fr\/perso\/?page_id=1902"},"modified":"2023-07-01T11:27:38","modified_gmt":"2023-07-01T09:27:38","slug":"sitemap","status":"publish","type":"page","link":"https:\/\/www.phdata.fr\/perso\/sitemap\/","title":{"rendered":"Sitemap"},"content":{"rendered":"\n<div class=\"wsp-container\"><h2 class=\"wsp-pages-title\">Pages<\/h2>\n<ul class=\"wsp-pages-list\">\n<li class=\"page_item page-item-423 menu-item\"><a href=\"https:\/\/www.phdata.fr\/perso\/photographies\/\" class=\"menu-link\">Les photographies<\/a><\/li>\n<li class=\"page_item page-item-696 menu-item\"><a href=\"https:\/\/www.phdata.fr\/perso\/videos\/\" class=\"menu-link\">Les vid\u00e9os<\/a><\/li>\n<li class=\"page_item page-item-1970 menu-item\"><a href=\"https:\/\/www.phdata.fr\/perso\/recettes\/\" class=\"menu-link\">Recettes<\/a><\/li>\n<li class=\"page_item page-item-1902 menu-item\"><a href=\"https:\/\/www.phdata.fr\/perso\/sitemap\/\" class=\"menu-link\">Sitemap<\/a><\/li>\n<li class=\"page_item page-item-402 menu-item\"><a href=\"https:\/\/www.phdata.fr\/perso\/\" class=\"menu-link\">ANNA &#8211; LOAN &amp; PAPY<\/a><\/li>\n<\/ul>\n<h2 class=\"wsp-posts-title\">Posts by category<\/h2>\n<ul class=\"wsp-posts-list\">\n\t<li><strong class=\"wsp-category-title\">Category: <a href=\"https:\/\/www.phdata.fr\/perso\/category\/accueil\/\">Accueil<\/a><\/strong>\n<ul class=\"wsp-posts-list\">\t\t<li class=\"wsp-post\"><a href=\"https:\/\/www.phdata.fr\/perso\/anna-gala-fin-annee-grs\/\">Anna gala fin ann\u00e9e grs<\/a><\/li>\n\t\t<li class=\"wsp-post\"><a href=\"https:\/\/www.phdata.fr\/perso\/gateau-de-courgette\/\">G\u00e2teau de courgette<\/a><\/li>\n\t\t<li class=\"wsp-post\"><a href=\"https:\/\/www.phdata.fr\/perso\/oreillettes-provencales\/\">Oreillettes proven\u00e7ales<\/a><\/li>\n\t\t<li class=\"wsp-post\"><a href=\"https:\/\/www.phdata.fr\/perso\/guissao-de-poulet-ragout-portugais\/\">Guissao de Poulet (Rago\u00fbt portugais)<\/a><\/li>\n\t\t<li class=\"wsp-post\"><a href=\"https:\/\/www.phdata.fr\/perso\/guisado\/\">Guisado de Viande (Rago\u00fbt Espagnol)<\/a><\/li>\n\t\t<li class=\"wsp-post\"><a href=\"https:\/\/www.phdata.fr\/perso\/poulet-a-la-moutarde-champignons\/\">Poulet \u00e0 la moutarde et champignons<\/a><\/li>\n\t\t<li class=\"wsp-post\"><a href=\"https:\/\/www.phdata.fr\/perso\/poelee-de-boudin-blanc-au-chorizo\/\">Po\u00eal\u00e9e de boudin blanc au chorizo<\/a><\/li>\n\t\t<li class=\"wsp-post\"><a href=\"https:\/\/www.phdata.fr\/perso\/montecaos\/\">Mant\u00e9cados<\/a><\/li>\n\t\t<li class=\"wsp-post\"><a href=\"https:\/\/www.phdata.fr\/perso\/bibliotheque-sous-pente\/\">Biblioth\u00e8que sous pente<\/a><\/li>\n\t\t<li class=\"wsp-post\"><a href=\"https:\/\/www.phdata.fr\/perso\/compotee-de-peche\/\">Compot\u00e9e de p\u00eache<\/a><\/li>\n\t\t<li class=\"wsp-post\"><a href=\"https:\/\/www.phdata.fr\/perso\/magret-de-canard-sauce-aux-poivres\/\">Magret de canard sauce aux poivres<\/a><\/li>\n\t\t<li class=\"wsp-post\"><a href=\"https:\/\/www.phdata.fr\/perso\/tomates-provencales\/\">Tomates Proven\u00e7ales<\/a><\/li>\n\t\t<li class=\"wsp-post\"><a href=\"https:\/\/www.phdata.fr\/perso\/rougail-saucisse\/\">Rougail saucisse<\/a><\/li>\n\t\t<li class=\"wsp-post\"><a href=\"https:\/\/www.phdata.fr\/perso\/salade-de-riz-pour-buffet-froid\/\">Salade de riz pour buffet froid<\/a><\/li>\n\t\t<li class=\"wsp-post\"><a href=\"https:\/\/www.phdata.fr\/perso\/saute-de-porc-au-curry\/\">Saut\u00e9 de porc au curry<\/a><\/li>\n\t<li><strong class=\"wsp-category-title\">Category: <a href=\"https:\/\/www.phdata.fr\/perso\/category\/accueil\/recettes\/\">Recettes<\/a><\/strong>\n<ul class=\"wsp-posts-list\">\t<li><strong class=\"wsp-category-title\">Category: <a href=\"https:\/\/www.phdata.fr\/perso\/category\/accueil\/recettes\/desert\/\">D\u00e9sert<\/a><\/strong>\n<\/li>\n\t<li><strong class=\"wsp-category-title\">Category: <a href=\"https:\/\/www.phdata.fr\/perso\/category\/accueil\/recettes\/plat-principal\/\">Plat principal<\/a><\/strong>\n<ul class=\"wsp-posts-list\">\t\t<li class=\"wsp-post\"><a href=\"https:\/\/www.phdata.fr\/perso\/jambalaya-creole\/\">Jambalaya cr\u00e9ole<\/a><\/li>\n<\/ul><\/li>\n\t<li><strong class=\"wsp-category-title\">Category: <a href=\"https:\/\/www.phdata.fr\/perso\/category\/accueil\/recettes\/recette-facile\/\">Recette facile<\/a><\/strong>\n<\/li>\n\t<li><strong class=\"wsp-category-title\">Category: <a href=\"https:\/\/www.phdata.fr\/perso\/category\/accueil\/recettes\/recette-moyenne-recettes\/\">Recette moyenne<\/a><\/strong>\n<\/li>\n\t<li><strong class=\"wsp-category-title\">Category: <a href=\"https:\/\/www.phdata.fr\/perso\/category\/accueil\/recettes\/recette-tres-facile\/\">Recette tr\u00e8s facile<\/a><\/strong>\n<\/li>\n<\/ul><\/li>\n<\/ul><\/li>\n\t<li><strong class=\"wsp-category-title\">Category: <a href=\"https:\/\/www.phdata.fr\/perso\/category\/anna\/\">Anna<\/a><\/strong>\n<ul class=\"wsp-posts-list\">\t\t<li class=\"wsp-post\"><a href=\"https:\/\/www.phdata.fr\/perso\/anna-maternite-le-10-fevrier-2010\/\">Anna maternit\u00e9 le 10 f\u00e9vrier 2020<\/a><\/li>\n<\/ul><\/li>\n\t<li><strong class=\"wsp-category-title\">Category: <a href=\"https:\/\/www.phdata.fr\/perso\/category\/anna-loan\/\">Anna &amp; Loan<\/a><\/strong>\n<ul class=\"wsp-posts-list\">\t\t<li class=\"wsp-post\"><a href=\"https:\/\/www.phdata.fr\/perso\/istres-8-juillet-2023\/\">Istres 8 juillet 2023<\/a><\/li>\n\t\t<li class=\"wsp-post\"><a href=\"https:\/\/www.phdata.fr\/perso\/safari-peaugres\/\">Safari Peaugres<\/a><\/li>\n\t\t<li class=\"wsp-post\"><a href=\"https:\/\/www.phdata.fr\/perso\/une-belle-journee\/\">Une belle journ\u00e9e<\/a><\/li>\n\t\t<li class=\"wsp-post\"><a href=\"https:\/\/www.phdata.fr\/perso\/anna-loan-au-zoo-a-montpellier\/\">Anna &#038; Loan au zoo \u00e0 Montpellier<\/a><\/li>\n\t\t<li class=\"wsp-post\"><a href=\"https:\/\/www.phdata.fr\/perso\/un-apres-midi-au-theatre-do\/\">Un apr\u00e8s midi au th\u00e9\u00e2tre d&#8217;\u00d4<\/a><\/li>\n\t\t<li class=\"wsp-post\"><a href=\"https:\/\/www.phdata.fr\/perso\/bapteme-anna-loan\/\">Bapt\u00eame Anna &#038; Loan<\/a><\/li>\n\t\t<li class=\"wsp-post\"><a href=\"https:\/\/www.phdata.fr\/perso\/anna-loan-1er-moment\/\">Anna &#038; Loan 1er moment<\/a><\/li>\n<\/ul><\/li>\n\t<li><strong class=\"wsp-category-title\">Category: <a href=\"https:\/\/www.phdata.fr\/perso\/category\/bricolage\/\">Bricolage<\/a><\/strong>\n<\/li>\n\t<li><strong class=\"wsp-category-title\">Category: <a href=\"https:\/\/www.phdata.fr\/perso\/category\/couche-de-soleil\/\">Couch\u00e9 de soleil<\/a><\/strong>\n<ul class=\"wsp-posts-list\">\t\t<li class=\"wsp-post\"><a href=\"https:\/\/www.phdata.fr\/perso\/couches-de-soleil\/\">Couch\u00e9s de soleil<\/a><\/li>\n<\/ul><\/li>\n\t<li><strong class=\"wsp-category-title\">Category: <a href=\"https:\/\/www.phdata.fr\/perso\/category\/livio\/\">Livio<\/a><\/strong>\n<ul class=\"wsp-posts-list\">\t\t<li class=\"wsp-post\"><a href=\"https:\/\/www.phdata.fr\/perso\/livio-maternite\/\">Livio Maternit\u00e9 le 18 juin 2018<\/a><\/li>\n<\/ul><\/li>\n\t<li><strong class=\"wsp-category-title\">Category: <a href=\"https:\/\/www.phdata.fr\/perso\/category\/loan\/\">Loan<\/a><\/strong>\n<ul class=\"wsp-posts-list\">\t\t<li class=\"wsp-post\"><a href=\"https:\/\/www.phdata.fr\/perso\/loan-le-berger\/\">Loan le berger<\/a><\/li>\n\t\t<li class=\"wsp-post\"><a href=\"https:\/\/www.phdata.fr\/perso\/loan-tic-tac\/\">Loan &#038; TIC TAC<\/a><\/li>\n\t\t<li class=\"wsp-post\"><a href=\"https:\/\/www.phdata.fr\/perso\/loan-a-cheval\/\">Loan \u00e0 cheval<\/a><\/li>\n\t\t<li class=\"wsp-post\"><a href=\"https:\/\/www.phdata.fr\/perso\/loan-dans-le-poulailler\/\">Loan dans le poulailler<\/a><\/li>\n\t\t<li class=\"wsp-post\"><a href=\"https:\/\/www.phdata.fr\/perso\/loan-a-une-petite-soeur\/\">Loan a une petite s\u0153ur<\/a><\/li>\n\t\t<li class=\"wsp-post\"><a href=\"https:\/\/www.phdata.fr\/perso\/lolo-to-bo-gan\/\">Lolo TO.BO.GAN<\/a><\/li>\n\t\t<li class=\"wsp-post\"><a href=\"https:\/\/www.phdata.fr\/perso\/lolo\/\">LOLO &#038; les bulles<\/a><\/li>\n\t\t<li class=\"wsp-post\"><a href=\"https:\/\/www.phdata.fr\/perso\/lolo-bisous-maman\/\">Lolo &#038; bisous maman<\/a><\/li>\n\t\t<li class=\"wsp-post\"><a href=\"https:\/\/www.phdata.fr\/perso\/lolo-photographes\/\">Lolo photographe<\/a><\/li>\n\t\t<li class=\"wsp-post\"><a href=\"https:\/\/www.phdata.fr\/perso\/lolo-le-bandit\/\">LOLO le bandit<\/a><\/li>\n<\/ul><\/li>\n\t<li><strong class=\"wsp-category-title\">Category: <a href=\"https:\/\/www.phdata.fr\/perso\/category\/photograpies\/\">Photographies<\/a><\/strong>\n<ul class=\"wsp-posts-list\">\t\t<li class=\"wsp-post\"><a href=\"https:\/\/www.phdata.fr\/perso\/la\/\">La flore en Tha\u00eflande<\/a><\/li>\n\t\t<li class=\"wsp-post\"><a href=\"https:\/\/www.phdata.fr\/perso\/la-ferme-de-ramonchamp\/\">La ferme de Ramonchamp<\/a><\/li>\n\t\t<li class=\"wsp-post\"><a href=\"https:\/\/www.phdata.fr\/perso\/ancienne-photo\/\">Anciennes photos<\/a><\/li>\n\t\t<li class=\"wsp-post\"><a href=\"https:\/\/www.phdata.fr\/perso\/claire-marcel-50-ans-de-mariage\/\">Claire &amp; Marcel 50 ans de mariage<\/a><\/li>\n\t\t<li class=\"wsp-post\"><a href=\"https:\/\/www.phdata.fr\/perso\/thailande\/\">Tha\u00eflande<\/a><\/li>\n<\/ul><\/li>\n\t<li><strong class=\"wsp-category-title\">Category: <a href=\"https:\/\/www.phdata.fr\/perso\/category\/videos\/\">Vid\u00e9os<\/a><\/strong>\n<ul class=\"wsp-posts-list\">\t\t<li class=\"wsp-post\"><a href=\"https:\/\/www.phdata.fr\/perso\/la-ferme-tiallou\/\">La ferme Tiallou<\/a><\/li>\n<\/ul><\/li>\n\t<li><strong class=\"wsp-category-title\">Category: <a href=\"https:\/\/www.phdata.fr\/perso\/category\/voyage-de-noce\/\">Voyage de noce<\/a><\/strong>\n<ul class=\"wsp-posts-list\">\t\t<li class=\"wsp-post\"><a href=\"https:\/\/www.phdata.fr\/perso\/voyage-de-noce-le-depart\/\">Voyage de noce (le d\u00e9part)<\/a><\/li>\n\t\t<li class=\"wsp-post\"><a href=\"https:\/\/www.phdata.fr\/perso\/voyage-de-noce-mercredi\/\">Voyage de noce (Mercredi)<\/a><\/li>\n\t\t<li class=\"wsp-post\"><a href=\"https:\/\/www.phdata.fr\/perso\/voyage-de-noce-jeudi\/\">Voyage de noce (jeudi)<\/a><\/li>\n<\/ul><\/li>\n<\/ul>\n<h2 class=\"wsp-elementor_librarys-title\">My Templates<\/h2>\n<ul class=\"wsp-elementor_librarys-list\">\n<li><a href=\"https:\/\/www.phdata.fr\/perso\/?elementor_library=page-enfants\">Page enfants<\/a><\/li>\n<li><a href=\"https:\/\/www.phdata.fr\/perso\/?elementor_library=choucroute-modele\">choucroute modele<\/a><\/li>\n<li><a href=\"https:\/\/www.phdata.fr\/perso\/?elementor_library=test-zoom-image\">Test zoom image<\/a><\/li>\n<li><a href=\"https:\/\/www.phdata.fr\/perso\/?elementor_library=conseils\">Conseils<\/a><\/li>\n<li><a href=\"https:\/\/www.phdata.fr\/perso\/?elementor_library=liste-ingredients\">Liste ingr\u00e8dients<\/a><\/li>\n<li><a href=\"https:\/\/www.phdata.fr\/perso\/?elementor_library=article-recette\">Article recette<\/a><\/li>\n<li><a href=\"https:\/\/www.phdata.fr\/perso\/?elementor_library=vignette-video\">Vignette vid\u00e9o<\/a><\/li>\n<li><a href=\"https:\/\/www.phdata.fr\/perso\/?elementor_library=kit-par-defaut\">Kit par d\u00e9faut<\/a><\/li>\n<\/ul>\n<h2 class=\"wsp-elementor-hfs-title\">Elementor Header &amp; Footer Builder<\/h2>\n<ul class=\"wsp-elementor-hfs-list\">\n<li><a href=\"https:\/\/www.phdata.fr\/perso\/elementor-hf\/menu\/\">Menu<\/a><\/li>\n<\/ul>\n<\/div>\n","protected":false},"excerpt":{"rendered":"","protected":false},"author":1,"featured_media":0,"parent":0,"menu_order":0,"comment_status":"closed","ping_status":"closed","template":"","meta":{"_eb_attr":"","site-sidebar-layout":"default","site-content-layout":"","ast-site-content-layout":"default","site-content-style":"default","site-sidebar-style":"default","ast-global-header-display":"","ast-banner-title-visibility":"","ast-main-header-display":"","ast-hfb-above-header-display":"","ast-hfb-below-header-display":"","ast-hfb-mobile-header-display":"","site-post-title":"","ast-breadcrumbs-content":"","ast-featured-img":"","footer-sml-layout":"","theme-transparent-header-meta":"","adv-header-id-meta":"","stick-header-meta":"","header-above-stick-meta":"","header-main-stick-meta":"","header-below-stick-meta":"","astra-migrate-meta-layouts":"default","ast-page-background-enabled":"default","ast-page-background-meta":{"desktop":{"background-color":"var(--ast-global-color-4)","background-image":"","background-repeat":"repeat","background-position":"center center","background-size":"auto","background-attachment":"scroll","background-type":"","background-media":"","overlay-type":"","overlay-color":"","overlay-opacity":"","overlay-gradient":""},"tablet":{"background-color":"","background-image":"","background-repeat":"repeat","background-position":"center center","background-size":"auto","background-attachment":"scroll","background-type":"","background-media":"","overlay-type":"","overlay-color":"","overlay-opacity":"","overlay-gradient":""},"mobile":{"background-color":"","background-image":"","background-repeat":"repeat","background-position":"center center","background-size":"auto","background-attachment":"scroll","background-type":"","background-media":"","overlay-type":"","overlay-color":"","overlay-opacity":"","overlay-gradient":""}},"ast-content-background-meta":{"desktop":{"background-color":"var(--ast-global-color-5)","background-image":"","background-repeat":"repeat","background-position":"center center","background-size":"auto","background-attachment":"scroll","background-type":"","background-media":"","overlay-type":"","overlay-color":"","overlay-opacity":"","overlay-gradient":""},"tablet":{"background-color":"var(--ast-global-color-5)","background-image":"","background-repeat":"repeat","background-position":"center center","background-size":"auto","background-attachment":"scroll","background-type":"","background-media":"","overlay-type":"","overlay-color":"","overlay-opacity":"","overlay-gradient":""},"mobile":{"background-color":"var(--ast-global-color-5)","background-image":"","background-repeat":"repeat","background-position":"center center","background-size":"auto","background-attachment":"scroll","background-type":"","background-media":"","overlay-type":"","overlay-color":"","overlay-opacity":"","overlay-gradient":""}},"footnotes":""},"class_list":["post-1902","page","type-page","status-publish","hentry"],"_links":{"self":[{"href":"https:\/\/www.phdata.fr\/perso\/wp-json\/wp\/v2\/pages\/1902","targetHints":{"allow":["GET"]}}],"collection":[{"href":"https:\/\/www.phdata.fr\/perso\/wp-json\/wp\/v2\/pages"}],"about":[{"href":"https:\/\/www.phdata.fr\/perso\/wp-json\/wp\/v2\/types\/page"}],"author":[{"embeddable":true,"href":"https:\/\/www.phdata.fr\/perso\/wp-json\/wp\/v2\/users\/1"}],"replies":[{"embeddable":true,"href":"https:\/\/www.phdata.fr\/perso\/wp-json\/wp\/v2\/comments?post=1902"}],"version-history":[{"count":1,"href":"https:\/\/www.phdata.fr\/perso\/wp-json\/wp\/v2\/pages\/1902\/revisions"}],"predecessor-version":[{"id":1904,"href":"https:\/\/www.phdata.fr\/perso\/wp-json\/wp\/v2\/pages\/1902\/revisions\/1904"}],"wp:attachment":[{"href":"https:\/\/www.phdata.fr\/perso\/wp-json\/wp\/v2\/media?parent=1902"}],"curies":[{"name":"wp","href":"https:\/\/api.w.org\/{rel}","templated":true}]}}